{"id":258,"date":"2022-12-15T15:22:44","date_gmt":"2022-12-15T13:22:44","guid":{"rendered":"http:\/\/rgproject.org\/?page_id=258"},"modified":"2025-03-26T11:56:04","modified_gmt":"2025-03-26T09:56:04","slug":"258-2","status":"publish","type":"page","link":"https:\/\/rgproject.org\/ca\/","title":{"rendered":"XARXA GIRLS PROJECT"},"content":{"rendered":"<p>[et_pb_section fb_built=\u00bb1&#8243; next_background_color=\u00bb#ffffff\u00bb admin_label=\u00bbHeader\u00bb _builder_version=\u00bb4.27.4&#8243; _module_preset=\u00bbdefault\u00bb use_background_color_gradient=\u00bbon\u00bb background_color_gradient_stops=\u00bb#b1bfa6 0%|rgba(177,191,166,0) 69%|rgba(0,0,0,0) 100%\u00bb background_color_gradient_overlays_image=\u00bbon\u00bb background_image=\u00bbhttp:\/\/rgproject.org\/wp-content\/uploads\/2025\/01\/IMG-20211231-WA0008.jpg\u00bb min_height=\u00bb102vh\u00bb custom_padding=\u00bb22px||22px||false|false\u00bb bottom_divider_style=\u00bbcurve2&#8243; bottom_divider_height=\u00bb12.01vw\u00bb bottom_divider_repeat=\u00bb1x\u00bb collapsed=\u00bbon\u00bb global_colors_info=\u00bb{}\u00bb][et_pb_row column_structure=\u00bb1_2,1_2&#8243; _builder_version=\u00bb4.19.3&#8243; _module_preset=\u00bbdefault\u00bb custom_padding=\u00bb65px|||||\u00bb global_colors_info=\u00bb{}\u00bb][et_pb_column type=\u00bb1_2&#8243; _builder_version=\u00bb4.17.4&#8243; _module_preset=\u00bbdefault\u00bb global_colors_info=\u00bb{}\u00bb][et_pb_video src_webm=\u00bbhttp:\/\/rgproject.org\/wp-content\/uploads\/2025\/02\/STORIES-.mp4&#8243; _builder_version=\u00bb4.27.4&#8243; _module_preset=\u00bbdefault\u00bb width=\u00bb53%\u00bb custom_padding=\u00bb|0px||||\u00bb box_shadow_style=\u00bbpreset4&#8243; box_shadow_color=\u00bb#C88BDA\u00bb global_colors_info=\u00bb{}\u00bb][\/et_pb_video][et_pb_image src=\u00bbhttp:\/\/rgproject.org\/wp-content\/uploads\/2023\/07\/flecha-e1690707750536.webp\u00bb title_text=\u00bbflecha\u00bb disabled_on=\u00bbon|off|off\u00bb _builder_version=\u00bb4.21.0&#8243; _module_preset=\u00bbdefault\u00bb positioning=\u00bbabsolute\u00bb position_origin_a=\u00bbcenter_right\u00bb position_origin_a_tablet=\u00bbcenter_left\u00bb position_origin_a_phone=\u00bbcenter_left\u00bb position_origin_a_last_edited=\u00bbon|tablet\u00bb position_origin_f_tablet=\u00bb\u00bb position_origin_f_phone=\u00bb\u00bb position_origin_f_last_edited=\u00bbon|phone\u00bb position_origin_r_tablet=\u00bb\u00bb position_origin_r_phone=\u00bb\u00bb position_origin_r_last_edited=\u00bbon|phone\u00bb width=\u00bb30%\u00bb custom_margin=\u00bb20%||||false|false\u00bb custom_padding=\u00bb|||19px||\u00bb positioning_tablet=\u00bbabsolute\u00bb positioning_phone=\u00bbabsolute\u00bb positioning_last_edited=\u00bbon|phone\u00bb global_colors_info=\u00bb{}\u00bb][\/et_pb_image][\/et_pb_column][et_pb_column type=\u00bb1_2&#8243; _builder_version=\u00bb4.19.3&#8243; _module_preset=\u00bbdefault\u00bb custom_padding=\u00bb||||false|false\u00bb global_colors_info=\u00bb{}\u00bb][et_pb_text _builder_version=\u00bb4.27.4&#8243; _module_preset=\u00bbe6504a1b-67eb-4b3d-b023-bcab277610b6&#8243; header_4_font=\u00bb|||on|||||\u00bb header_4_text_color=\u00bb#ff5f5f\u00bb header_4_font_size=\u00bb14px\u00bb header_4_letter_spacing=\u00bb0.15em\u00bb header_4_line_height=\u00bb1.5em\u00bb custom_margin=\u00bb||0px||false|false\u00bb global_colors_info=\u00bb{}\u00bb]<\/p>\n<h4><span style=\"color: #cc99ff; font-size: large;\"><strong>EDUQUEM PER TRANSFORMAR<\/strong><\/span><\/h4>\n<p>[\/et_pb_text][et_pb_text _builder_version=\u00bb4.19.4\u2033 _module_preset=\u00bbc16985e1-e0d6-4022-964d-e2bfc04fa633\u2033 header_font=\u00bb|||||||||\u00bb header_text_color=\u00bb#FFFFFF\u00bb header_font_size=\u00bb3rem\u00bb custom_margin=\u00bb||38px|||\u00bb header_font_size_tablet=\u00bb3rem\u00bb header_font_size_phone=\u00bb3rem\u00bb header_font_size_last_edited=\u00bbon|phone\u00bb global_colors_info=\u00bb{}\u00bb]<\/p>\n<h1 id=\"wp-block-themeisle-blocks-advanced-heading-bd2d5a8d\" class=\"wp-block-themeisle-blocks-advanced-heading wp-block-themeisle-blocks-advanced-heading-bd2d5a8d\">Empoderem per canviar el m\u00f3n<\/h1>\n<p>[\/et_pb_text][et_pb_text _builder_version=\u00bb4.19.4&#8243; _module_preset=\u00bb1f09816e-184e-4ce5-a4cf-b39c52c423ca\u00bb text_font=\u00bbArchivo||||||||\u00bb text_text_color=\u00bb#FFFFFF\u00bb text_font_size=\u00bb1rem\u00bb text_line_height=\u00bb1.6em\u00bb text_orientation=\u00bbjustified\u00bb custom_margin=\u00bb-26px||38px|||\u00bb custom_padding=\u00bb1px|||||\u00bb text_font_size_tablet=\u00bb15px\u00bb text_font_size_phone=\u00bb14px\u00bb text_font_size_last_edited=\u00bbon|phone\u00bb header_font_size_tablet=\u00bb55px\u00bb header_font_size_last_edited=\u00bboff|desktop\u00bb global_colors_info=\u00bb{}\u00bb]<\/p>\n<p>A <span style=\"color: #e02b20;\"><strong>Red Girls Project<\/strong><\/span>, transformem vides a trav\u00e9s de la <strong>educaci\u00f3<\/strong> i el <strong>empoderament<\/strong> de nenes, adolescents i dones a comunitats vulnerables. <br \/>Amb els nostres programes de salut menstrual, educaci\u00f3 sexual, benestar p\u00e8lvic i formaci\u00f3 pr\u00e0ctica, oferim <strong>eines<\/strong> perqu\u00e8 puguin prendre decisions informades sobre el seu cos i el seu <strong>futur<\/strong>.<\/p>\n<p>[\/et_pb_text][et_pb_button button_url=\u00bb@ET-DC@eyJkeW5hbWljIjp0cnVlLCJjb250ZW50IjoicG9zdF9saW5rX3VybF9wYWdlIiwic2V0dGluZ3MiOnsicG9zdF9pZCI6IjgwMCJ9fQ==@\u00bb button_text=\u00bbInvol\u00facrate a nuestra causa\u00bb _builder_version=\u00bb4.27.4&#8243; _dynamic_attributes=\u00bbbutton_url\u00bb _module_preset=\u00bbf489fdc3-bf1e-40c7-852b-c42851d4acb9&#8243; global_colors_info=\u00bb{}\u00bb][\/et_pb_button][\/et_pb_column][\/et_pb_row][\/et_pb_section][et_pb_section fb_built=\u00bb1&#8243; _builder_version=\u00bb4.19.4&#8243; _module_preset=\u00bbdefault\u00bb custom_padding=\u00bb100px|||||\u00bb global_colors_info=\u00bb{}\u00bb][et_pb_row column_structure=\u00bb2_5,3_5&#8243; _builder_version=\u00bb4.19.4&#8243; _module_preset=\u00bbdefault\u00bb global_colors_info=\u00bb{}\u00bb][et_pb_column type=\u00bb2_5&#8243; _builder_version=\u00bb4.19.4&#8243; _module_preset=\u00bbdefault\u00bb global_colors_info=\u00bb{}\u00bb][et_pb_text _builder_version=\u00bb4.19.4&#8243; _module_preset=\u00bbe6504a1b-67eb-4b3d-b023-bcab277610b6&#8243; header_4_font=\u00bb|||on|||||\u00bb header_4_text_color=\u00bb#ff5f5f\u00bb header_4_font_size=\u00bb1rem\u00bb header_4_letter_spacing=\u00bb0.15em\u00bb header_4_line_height=\u00bb1.5em\u00bb custom_margin=\u00bb||0px||false|false\u00bb locked=\u00bboff\u00bb global_colors_info=\u00bb{}\u00bb]<\/p>\n<h4>Futur<\/h4>\n<p>[\/et_pb_text][et_pb_text module_class=&quot;partial-underline-grey&quot; _builder_version=&quot;4.19.4&quot; _module_preset=&quot;b327cbe4-b1d5-4b66-ad37-40c8f2f061ba&quot; header_2_font header_2_text_color=&quot;#000000&quot; header_2_font_size=&quot;3rem&quot; header_2_line_height=&quot;1.2em&quot; header_2_font_size_tablet=&quot;3rem&quot; header_2_font_size_phone=&quot;3rem&quot; header_2_font_si info=\u00bb{}\u00bb]<\/p>\n<h2>VISI\u00d3<\/h2>\n<p>[\/et_pb_text][et_pb_text _builder_version=\u00bb4.19.4\u2033 _module_preset=\u00bbdefault\u00bb text_font=\u00bb|300|||||||\u00bb text_font_size=&quot;1rem&quot; text_line_height=&quot;1.75em&quot; text_orientation=&quot;justified&quot; global_colors_info=\u00bb{}\u00bb]<\/p>\n<p>Veiem un <strong>futur<\/strong> en qu\u00e8 les persones no nom\u00e9s viuen per sobreviure, sin\u00f3 que operen a trav\u00e9s del desbordament de la seva identitat transformadora, donant pas a la compassi\u00f3 per ajudar els altres.<\/p>\n<p>[\/et_pb_text][\/et_pb_column][et_pb_column type=\u00bb3_5&#8243; _builder_version=\u00bb4.19.4&#8243; _module_preset=\u00bbdefault\u00bb global_colors_info=\u00bb{}\u00bb][et_pb_image src=\u00bbhttps:\/\/rgproject.org\/wp-content\/uploads\/2024\/02\/IMG-20210120-WA0005.jpg\u00bb alt=\u00bbVisi\u00f3n\u00bb title_text=\u00bbIMG-20210120-WA0005&#8243; _builder_version=\u00bb4.27.4&#8243; _module_preset=\u00bbdefault\u00bb width=\u00bb85%\u00bb module_alignment=\u00bbright\u00bb box_shadow_style=\u00bbpreset4&#8243; box_shadow_color=\u00bbrgba(153,79,50,0.39)\u00bb global_colors_info=\u00bb{}\u00bb][\/et_pb_image][\/et_pb_column][\/et_pb_row][\/et_pb_section][et_pb_section fb_built=\u00bb1&#8243; _builder_version=\u00bb4.19.4&#8243; _module_preset=\u00bbdefault\u00bb custom_padding=\u00bb90px||||false|false\u00bb global_colors_info=\u00bb{}\u00bb][et_pb_row column_structure=\u00bb2_3,1_3&#8243; _builder_version=\u00bb4.19.4&#8243; _module_preset=\u00bbdefault\u00bb global_colors_info=\u00bb{}\u00bb][et_pb_column type=\u00bb2_3&#8243; _builder_version=\u00bb4.19.4&#8243; _module_preset=\u00bbdefault\u00bb global_colors_info=\u00bb{}\u00bb][et_pb_image src=\u00bbhttps:\/\/rgproject.org\/wp-content\/uploads\/2025\/03\/Sense-titol-1080-x-720-px.png\u00bb alt=\u00bbAmor y dignidad\u00bb title_text=\u00bbSense t\u00edtol (1080 x 720 px)\u00bb _builder_version=\u00bb4.27.4&#8243; _module_preset=\u00bbdefault\u00bb width=\u00bb86%\u00bb module_alignment=\u00bbleft\u00bb box_shadow_style=\u00bbpreset4&#8243; box_shadow_color=\u00bbrgba(153,79,50,0.39)\u00bb global_colors_info=\u00bb{}\u00bb][\/et_pb_image][\/et_pb_column][et_pb_column type=\u00bb1_3&#8243; _builder_version=\u00bb4.19.4&#8243; _module_preset=\u00bbdefault\u00bb global_colors_info=\u00bb{}\u00bb][et_pb_text _builder_version=\u00bb4.19.4&#8243; _module_preset=\u00bbe6504a1b-67eb-4b3d-b023-bcab277610b6&#8243; header_4_font=\u00bb|||on|||||\u00bb header_4_text_color=\u00bb#ff5f5f\u00bb header_4_font_size=\u00bb1rem\u00bb header_4_letter_spacing=\u00bb0.15em\u00bb header_4_line_height=\u00bb1.5em\u00bb custom_margin=\u00bb||0px||false|false\u00bb locked=\u00bboff\u00bb global_colors_info=\u00bb{}\u00bb]<\/p>\n<h4>Valor i dignitat<\/h4>\n<p>[\/et_pb_text][et_pb_text module_class=&quot;partial-underline-grey&quot; _builder_version=&quot;4.19.4&quot; _module_preset=&quot;b327cbe4-b1d5-4b66-ad37-40c8f2f061ba&quot; header_2_font header_2_text_color=&quot;#000000&quot; header_2_font_size=&quot;2.7rem&quot; header_2_line_height=&quot;1.2em&quot; header_2_font_size_tablet=&quot;3rem&quot; header_2_font_size_phone=&quot;3rem&quot; header_2_font| ors_info=\u00bb{}\u00bb]<\/p>\n<h2>MANIFEST<\/h2>\n<p>[\/et_pb_text][et_pb_text _builder_version=\u00bb4.19.4\u2033 _module_preset=\u00bbdefault\u00bb text_font=\u00bb|300|||||||\u00bb text_font_size=&quot;1rem&quot; text_line_height=&quot;1.75em&quot; text_orientation=&quot;justified&quot; locked=&quot;off&quot; global_colors_info=&quot;{}&quot;]<\/p>\n<p>Creiem que mai es perd un nen, cada persona \u00e9s <strong>valuosa<\/strong> i totes les persones s\u00f3n <strong>dignes<\/strong> amor.<\/p>\n<p>[\/et_pb_text][\/et_pb_column][\/et_pb_row][\/et_pb_section][et_pb_section fb_built=\u00bb1&#8243; admin_label=\u00bbTestimonials\u00bb _builder_version=\u00bb4.19.4&#8243; _module_preset=\u00bbdefault\u00bb use_background_color_gradient=\u00bbon\u00bb background_color_gradient_direction=\u00bb75deg\u00bb background_color_gradient_stops=\u00bb#ffffff 0%|rgba(255,255,255,0.7) 60%\u00bb background_color_gradient_overlays_image=\u00bbon\u00bb background_image=\u00bbhttp:\/\/rgproject.org\/wp-content\/uploads\/2019\/04\/annie-spratt-135307-unsplash.jpg\u00bb custom_padding=\u00bb2vw||2vw||true|false\u00bb background_last_edited=\u00bbon|phone\u00bb use_background_color_gradient_tablet=\u00bbon\u00bb background_color_gradient_direction_tablet=\u00bb180deg\u00bb background_color_gradient_stops_tablet=\u00bb#ffffff 1%|rgba(255,255,255,0.3) 100%\u00bb collapsed=\u00bbon\u00bb global_colors_info=\u00bb{}\u00bb][et_pb_row column_structure=\u00bb1_3,1_3,1_3&#8243; _builder_version=\u00bb4.17.4&#8243; _module_preset=\u00bbdefault\u00bb locked=\u00bboff\u00bb global_colors_info=\u00bb{}\u00bb][et_pb_column type=\u00bb1_3&#8243; _builder_version=\u00bb4.17.4&#8243; _module_preset=\u00bbdefault\u00bb global_colors_info=\u00bb{}\u00bb][et_pb_text _builder_version=\u00bb4.19.4&#8243; _module_preset=\u00bbe6504a1b-67eb-4b3d-b023-bcab277610b6&#8243; header_4_font=\u00bb|||on|||||\u00bb header_4_text_color=\u00bb#ff5f5f\u00bb header_4_font_size=\u00bb1rem\u00bb header_4_letter_spacing=\u00bb0.15em\u00bb header_4_line_height=\u00bb1.5em\u00bb custom_margin=\u00bb||0px||false|false\u00bb global_colors_info=\u00bb{}\u00bb]<\/p>\n<h4><span style=\"color: #c99bda;\">SOLIDARITAT, FELICITAT, cor<\/span><\/h4>\n<p>[\/et_pb_text][et_pb_text module_class=&quot;partial-underline-grey&quot; _builder_version=&quot;4.19.4&quot; _module_preset=&quot;b327cbe4-b1d5-4b66-ad37-40c8f2f061ba&quot; header_2_font header_2_text_color=&quot;#000000&quot; header_2_font_size=&quot;2.4rem&quot; header_2_line_height=&quot;1.2em&quot; header_2_font_size_tablet=&quot;3rem&quot; header_2_font_size_phone=&quot;3rem&quot; header_2_font| \u00bb]<\/p>\n<h2>TESTIMONIS<\/h2>\n<p>[\/et_pb_text][et_pb_text _builder_version=\u00bb4.19.4\u2033 _module_preset=\u00bb1f09816e-184e-4ce5-a4cf-b39c52c423ca\u00bb text_font=\u00bb|300|||||||\u00bb text_font_size=\u00bb1rem\u00bb text_line_height=\u00bb1.75em\u00bb locked=\u00bboff\u00bb global_colors_info=\u00bb{}\u00bb]<\/p>\n<p>Gr\u00e0cies per ensenyar-me el veritable valor de la paraula <strong>SOLIDARITAT<\/strong>. Inoblidables dies a la millor companyia ajudant a la integraci\u00f3 de la dona a la comunitat d&#039;Uganda. Tant de bo ens veiem aviat.<\/p>\n<p>[\/et_pb_text][et_pb_image src=\u00bbhttp:\/\/rgproject.org\/wp-content\/uploads\/2023\/07\/testimonio-2-2-e1690704551367.png\u00bb title_text=\u00bbtestimonio-2-2&#8243; _builder_version=\u00bb4.27.4&#8243; _module_preset=\u00bbdefault\u00bb box_shadow_style=\u00bbpreset4&#8243; box_shadow_color=\u00bb#C88BDA\u00bb global_colors_info=\u00bb{}\u00bb][\/et_pb_image][\/et_pb_column][et_pb_column type=\u00bb1_3&#8243; _builder_version=\u00bb4.17.4&#8243; _module_preset=\u00bbdefault\u00bb global_colors_info=\u00bb{}\u00bb][et_pb_image src=\u00bbhttp:\/\/rgproject.org\/wp-content\/uploads\/2023\/07\/testimonio-1-1-e1690704979976.png\u00bb alt=\u00bbContagio de felicidad\u00bb title_text=\u00bbtestimonio-1-1&#8243; _builder_version=\u00bb4.27.4&#8243; _module_preset=\u00bbdefault\u00bb max_width_tablet=\u00bb400px\u00bb max_width_phone=\u00bb400px\u00bb max_width_last_edited=\u00bbon|tablet\u00bb custom_margin=\u00bb162px|||||\u00bb box_shadow_style=\u00bbpreset4&#8243; box_shadow_color=\u00bb#C88BDA\u00bb global_colors_info=\u00bb{}\u00bb][\/et_pb_image][et_pb_text _builder_version=\u00bb4.19.4&#8243; _module_preset=\u00bb1f09816e-184e-4ce5-a4cf-b39c52c423ca\u00bb text_font=\u00bb|300|||||||\u00bb text_font_size=\u00bb1rem\u00bb text_line_height=\u00bb1.75em\u00bb locked=\u00bboff\u00bb global_colors_info=\u00bb{}\u00bb]<\/p>\n<p><strong>\u00abCONTAGI\u00bb DE FELICITAT<\/strong><\/p>\n<p>Tots els membres de l&#039;organitzaci\u00f3 juntament amb els nens t&#039;encomanen d&#039;aquesta felicitat que de mica en mica va traient la teva millor versi\u00f3.<\/p>\n<p>&nbsp;<\/p>\n<p>[\/et_pb_text][\/et_pb_column][et_pb_column type=&quot;1_3&quot; _builder_version=&quot;4.17.4&quot; _module_preset=&quot;default&quot; global_colors_info=&quot;{}&quot;][et_pb_text _builder_version=&quot;4.19.4&quot; 4ce5-a4cf-b39c52c423ca\u00bb text_font=\u00bb|300||||||| text_font_size=&quot;1rem&quot; text_line_height=&quot;1.75em&quot; custom_margin=&quot;161px||0px|||&quot; locked=\u00bboff\u00bb global_colors_info=\u00bb{}\u00bb]<\/p>\n<p><strong>\u00abAVUI \u00c9S AVUI\u00bb<\/strong><\/p>\n<p>Ens ensenyen a gaudir de cada dia com si fos el darrer. Enregistrat al cor tot l&#039;amor que hem rebut de cada persona del pa\u00eds.<\/p>\n<p>&nbsp;<\/p>\n<p>[\/et_pb_text][et_pb_image src=\u00bbhttp:\/\/rgproject.org\/wp-content\/uploads\/2023\/07\/testimonio-3-2-e1690705024722.png\u00bb title_text=\u00bbtestimonio-3-2&#8243; _builder_version=\u00bb4.27.4&#8243; _module_preset=\u00bbdefault\u00bb box_shadow_style=\u00bbpreset4&#8243; box_shadow_color=\u00bb#C88BDA\u00bb global_colors_info=\u00bb{}\u00bb][\/et_pb_image][\/et_pb_column][\/et_pb_row][\/et_pb_section][et_pb_section fb_built=\u00bb1&#8243; admin_label=\u00bbBlog\u00bb _builder_version=\u00bb4.17.4&#8243; _module_preset=\u00bbdefault\u00bb locked=\u00bboff\u00bb collapsed=\u00bbon\u00bb global_colors_info=\u00bb{}\u00bb][et_pb_row _builder_version=\u00bb4.17.4&#8243; _module_preset=\u00bbdefault\u00bb global_colors_info=\u00bb{}\u00bb][et_pb_column type=\u00bb4_4&#8243; _builder_version=\u00bb4.17.4&#8243; _module_preset=\u00bbdefault\u00bb global_colors_info=\u00bb{}\u00bb][et_pb_text _builder_version=\u00bb4.27.4&#8243; _module_preset=\u00bbe6504a1b-67eb-4b3d-b023-bcab277610b6&#8243; header_4_font=\u00bb|||on|||||\u00bb header_4_text_color=\u00bb#ff5f5f\u00bb header_4_font_size=\u00bb1rem\u00bb header_4_letter_spacing=\u00bb0.15em\u00bb header_4_line_height=\u00bb1.5em\u00bb custom_margin=\u00bb||0px||false|false\u00bb global_colors_info=\u00bb{}\u00bb]<\/p>\n<h4><span style=\"color: #cc99ff;\">Blog<\/span><\/h4>\n<p>[\/et_pb_text][et_pb_text module_class=&quot;partial-underline-grey&quot; _builder_version=&quot;4.19.4&quot; _dynamic_attributes=&quot;link_option_url&quot; _module_preset=&quot;b327cbe4-b1d5-4b66-ad37&quot; |||| |\u00bb header_2_text_color=&quot;#000000&quot; header_2_font_size=&quot;3rem&quot; header_2_line_height=&quot;1.2em&quot; link_option_url=&quot;@ET-DC@eyJkeW5hbWljIjp0cnVlLCJjb250ZW5 iwic2V0dGluZ3MiOnsicG9zdF9pZCI6IjIxOSJ9fQ==@\u00bb header_2_font_size_tablet=\u00bb3rem\u00bb header_2_font_size_phone=\u00bb3rem\u00bb header_2_font_size_last_edited=\u00bbon|phone\u00bb global_{ }\u00bb]<\/p>\n<h2>\u00daltimes not\u00edcies des de RGP<\/h2>\n<p>[\/et_pb_text][et_pb_blog fullwidth=\u00bboff\u00bb posts_number=\u00bb3&#8243; show_more=\u00bbon\u00bb show_author=\u00bboff\u00bb show_categories=\u00bboff\u00bb show_pagination=\u00bboff\u00bb _builder_version=\u00bb4.27.4&#8243; _module_preset=\u00bb8134c645-7901-4e53-b1e3-cd292a901c19&#8243; header_font=\u00bb||||||||\u00bb header_text_color=\u00bb#000000&#8243; header_font_size=\u00bb20px\u00bb header_line_height=\u00bb1.3em\u00bb body_font=\u00bb||||||||\u00bb body_text_color=\u00bbrgba(0,0,0,0.5)\u00bb body_line_height=\u00bb2em\u00bb meta_font=\u00bb|700|||||||\u00bb meta_text_color=\u00bb#000000&#8243; read_more_font=\u00bb|700||on|||||\u00bb read_more_text_color=\u00bb#ff5f5f\u00bb pagination_font=\u00bbLibre Franklin|700||on|||||\u00bb pagination_text_color=\u00bb#73C345&#8243; border_width_all=\u00bb0px\u00bb box_shadow_style=\u00bbpreset1&#8243; box_shadow_vertical=\u00bb25px\u00bb box_shadow_blur=\u00bb30px\u00bb box_shadow_color=\u00bb#C88BDA\u00bb box_shadow_style_image=\u00bbpreset4&#8243; box_shadow_color_image=\u00bbrgba(153,79,50,0.39)\u00bb locked=\u00bboff\u00bb global_colors_info=\u00bb{}\u00bb][\/et_pb_blog][\/et_pb_column][\/et_pb_row][\/et_pb_section]<\/p>","protected":false},"excerpt":{"rendered":"<p>EDUCAMOS PARA TRANSFORMAREmpoderamos para cambiar el mundoEn Red Girls Project, transformamos vidas a trav\u00e9s de la educaci\u00f3n y el empoderamiento de ni\u00f1as, adolescentes y mujeres en comunidades vulnerables. Con nuestros programas de salud menstrual, educaci\u00f3n sexual, bienestar p\u00e9lvico y formaci\u00f3n pr\u00e1ctica, ofrecemos herramientas para que puedan tomar decisiones informadas sobre su cuerpo y su futuro.FuturoVISI\u00d3NVemos [&hellip;]<\/p>","protected":false},"author":1,"featured_media":0,"parent":0,"menu_order":0,"comment_status":"closed","ping_status":"closed","template":"","meta":{"_et_pb_use_builder":"on","_et_pb_old_content":"","_et_gb_content_width":"","footnotes":""},"class_list":["post-258","page","type-page","status-publish","hentry"],"_links":{"self":[{"href":"https:\/\/rgproject.org\/ca\/wp-json\/wp\/v2\/pages\/258","targetHints":{"allow":["GET"]}}],"collection":[{"href":"https:\/\/rgproject.org\/ca\/wp-json\/wp\/v2\/pages"}],"about":[{"href":"https:\/\/rgproject.org\/ca\/wp-json\/wp\/v2\/types\/page"}],"author":[{"embeddable":true,"href":"https:\/\/rgproject.org\/ca\/wp-json\/wp\/v2\/users\/1"}],"replies":[{"embeddable":true,"href":"https:\/\/rgproject.org\/ca\/wp-json\/wp\/v2\/comments?post=258"}],"version-history":[{"count":18,"href":"https:\/\/rgproject.org\/ca\/wp-json\/wp\/v2\/pages\/258\/revisions"}],"predecessor-version":[{"id":2556,"href":"https:\/\/rgproject.org\/ca\/wp-json\/wp\/v2\/pages\/258\/revisions\/2556"}],"wp:attachment":[{"href":"https:\/\/rgproject.org\/ca\/wp-json\/wp\/v2\/media?parent=258"}],"curies":[{"name":"wp","href":"https:\/\/api.w.org\/{rel}","templated":true}]}}