{"id":955,"date":"2022-12-29T22:03:38","date_gmt":"2022-12-29T20:03:38","guid":{"rendered":"http:\/\/rgproject.org\/?page_id=955"},"modified":"2023-07-06T11:06:39","modified_gmt":"2023-07-06T09:06:39","slug":"avis-legal","status":"publish","type":"page","link":"https:\/\/rgproject.org\/ca\/avis-legal\/","title":{"rendered":"Privacy Policy"},"content":{"rendered":"<p><strong>Last Updated On 06-Jul-2023<br>Effective Date 06-Jul-2023<\/strong><\/p>\n\n\n\n<p>Aquesta Privacy Policy descriu les policies de WECO UGANDA, C. POSPOLLOSOS, 6 77, Tarragona 43772, Spain, email: hello@wecouganda.com, phone: + 256 754422175 en la col\u00b7lecci\u00f3, per a discutir la informaci\u00f3 i la informaci\u00f3 use our website ( http:\/\/rgproject.org ). (the \u201cService\u201d). Per accedir o utilitzar el servei, vost\u00e8 consenting a la col\u00b7lecci\u00f3, utilitzar i discloure la informaci\u00f3 en acord amb aquesta Privacy Policy. Per a que no consenti&#039;t el same, si us plau no hi ha access o la utilitzaci\u00f3 del servei.<\/p>\n\n\n\n<p>We may modify this Privacy Policy a l&#039;hora sense any prior notice per a vost\u00e8 i will post the revised Privacy Policy on the Service. Revisat Policy pot ser effective 180 dies from when Revised Policy es posa a la seva disposici\u00f3 i una continuada access or us de Service after such time will constitute your acceptance de la Revisada Privacy Policy. We therefore recomanen that you periodically review this page.<\/p>\n\n\n\n<ol class=\"wp-block-list\">\n<li>Information We Collect: We will collect and process the following personal information about you:\n<ol class=\"wp-block-list\">\n<li>Name<\/li>\n\n\n\n<li>Email<\/li>\n\n\n\n<li>Mobile<\/li>\n\n\n\n<li>Date of Birth<\/li>\n\n\n\n<li>Address<\/li>\n\n\n\n<li>Payment Info<\/li>\n<\/ol>\n<\/li>\n\n\n\n<li>How We Use Your Information: We will use the information that we collect about you for the following purposes:<ol><li>Processing payment<\/li><li>Administration info<\/li><\/ol>Per a utilitzar la informaci\u00f3 per a un altre purpose, el que s&#039;ha de consentir i utilitzar la informaci\u00f3 nom\u00e9s per rebre una consentiment i on, per a purpose(s) per a que grant consent unless que es requereixi per a otherwise by law.<\/li>\n\n\n\n<li>How We Share Your Information: We will not transfer your personal information per any third party sense seeking your consent, excepte in limited circumstances as descriud below:<ol><li>Analytics<\/li><\/ol>Requereix la seva part m\u00e9s tarda per utilitzar personal d&#039;informaci\u00f3 per transferir-la a la purpose per a la qual es transferir\u00e0 i no es retain per longer quan es requereix per fulfilling el said purpose. We may also disclose iour personal information for the following: (1) to comply with applicable law, regulation, court order or other legal process; (2) per enfor\u00e7ar les vostres agreements amb us, incloent aquesta Privacy Policy; or (3) per respondre a claims que utilitzi els serveis violats any third-party rights. Si el servei o la nostra companyia es merged o adquirida amb un altre company, la seva informaci\u00f3 \u00e9s un assetjament que es transfereix a la nova companyia.<\/li>\n\n\n\n<li>Retenci\u00f3 per a la vostra informaci\u00f3: Us retaur\u00e0 la vostra personalitat d&#039;informaci\u00f3 per a 90 dies per 2 anys a partir d&#039;un any per a tots els usuaris que tingueu l&#039;or de les llargues que teniu fulfill les purposes per a les quals s&#039;ha recollit en la seva oferta. Per tal de retain certain informaci\u00f3 per a longer periods suxes al record-keeping \/ reporting in acordcord s applicable law or per a altres legitimate reasons like enforcement of legal rights, fraud prevention, etc. Residual anonymous information and agregate information, neither of which identifies you (directly or indirectly), may be stored indefinitely.<\/li>\n\n\n\n<li>Teniu dret: dependre de la teda que les aplicacions, que mai teniu a l&#039;acc\u00e9s i rectificar o erasiu personal personal o rebeu a copy del vostre personal data, restricte o objecte per a l&#039;activitat processada de la vostra data, per al vostre share (port ) El personal d&#039;informaci\u00f3 per a cada entitat, amb l&#039;any que consenteix i es proveeix del proc\u00e9s d&#039;una data, a right to lodge a complaint s statutory authority ia les seves altres rights es relevant un applicable laws. Per exercir-se aquests drets, heu d&#039;arribar a hello@wecouganda.com. We will respond al request in accordance with applicable law. Note que el que no es pot collir o processat requerida personal informaci\u00f3 o draws consent to process the same for the required purposes, you mai no es pot accessoir or use the services for which your information was sought.<\/li>\n\n\n\n<li>Cookies Etc. Per a llegir m\u00e9s sobre com s&#039;utilitzaran les vostres accions en relaci\u00f3 amb les tecnologies de la tecnologia, si us plau referiu-vos a la nostra <a href=\"http:\/\/rgproject.org\/ca\/politica-de-privadesa\/\">Cookie Policy.<\/a><\/li>\n\n\n\n<li>Security: Security of your information \u00e9s important per a us i el que s&#039;utilitza reasonable security measures per prevenir els els, misuse or unauthorized alteration of your information un control. However, gaudeixen d&#039;inherent risks, we cannot guarantee absoluta security and consequently, we cannot ensure or warrant la security of any information you transmet to us and you do si at your own risk.<\/li>\n\n\n\n<li>Grievance \/ Data Protection Officer: Perqu\u00e8 haguem any volguts o concerns sobre la processing de la teva informaci\u00f3, que \u00e9s disponible per a vosaltres, vost\u00e8 \u00e9s m\u00e9s mail el nostre Officer a WECO UGANDA, C. POSPOLLOSOS, 6 77, email: hello@wecouganda. We will address your concerns in accordance with applicable law.<\/li>\n\n\n\n<li><\/li>\n<\/ol>","protected":false},"excerpt":{"rendered":"<p>Last Updated On 06-Jul-2023Effective Date 06-Jul-2023 Aquesta Privacy Policy descriu les policies de WECO UGANDA, C. POSPOLLOSOS, 6 77, Tarragona 43772, Spain, email: hello@wecouganda.com, 27 +5 la col\u00b7lecci\u00f3, utilitzeu i discloseu la vostra informaci\u00f3 que us col\u00b7lecteu quan utilitzeu la vostra p\u00e0gina web ( http:\/\/rgproject.org ). (the \u201cService\u201d). By accessing or using the [\u2026]<\/p>","protected":false},"author":1,"featured_media":0,"parent":0,"menu_order":0,"comment_status":"closed","ping_status":"closed","template":"","meta":{"_et_pb_use_builder":"off","_et_pb_old_content":"","_et_gb_content_width":"1080","footnotes":""},"class_list":["post-955","page","type-page","status-publish","hentry"],"_links":{"self":[{"href":"https:\/\/rgproject.org\/ca\/wp-json\/wp\/v2\/pages\/955","targetHints":{"allow":["GET"]}}],"collection":[{"href":"https:\/\/rgproject.org\/ca\/wp-json\/wp\/v2\/pages"}],"about":[{"href":"https:\/\/rgproject.org\/ca\/wp-json\/wp\/v2\/types\/page"}],"author":[{"embeddable":true,"href":"https:\/\/rgproject.org\/ca\/wp-json\/wp\/v2\/users\/1"}],"replies":[{"embeddable":true,"href":"https:\/\/rgproject.org\/ca\/wp-json\/wp\/v2\/comments?post=955"}],"version-history":[{"count":2,"href":"https:\/\/rgproject.org\/ca\/wp-json\/wp\/v2\/pages\/955\/revisions"}],"predecessor-version":[{"id":1916,"href":"https:\/\/rgproject.org\/ca\/wp-json\/wp\/v2\/pages\/955\/revisions\/1916"}],"wp:attachment":[{"href":"https:\/\/rgproject.org\/ca\/wp-json\/wp\/v2\/media?parent=955"}],"curies":[{"name":"wp","href":"https:\/\/api.w.org\/{rel}","templated":true}]}}