{"id":560,"date":"2022-12-21T10:37:49","date_gmt":"2022-12-21T08:37:49","guid":{"rendered":"http:\/\/rgproject.org\/?page_id=560"},"modified":"2025-03-26T11:57:21","modified_gmt":"2025-03-26T09:57:21","slug":"about-us-2","status":"publish","type":"page","link":"https:\/\/rgproject.org\/en\/about-us-2\/","title":{"rendered":"About us"},"content":{"rendered":"<p>[et_pb_section fb_built=\u00bb1&#8243; next_background_color=\u00bb#ffffff\u00bb admin_label=\u00bbHeader\u00bb _builder_version=\u00bb4.27.4&#8243; _module_preset=\u00bbdefault\u00bb use_background_color_gradient=\u00bbon\u00bb background_color_gradient_stops=\u00bbrgba(43,135,218,0) 0%|rgba(255,255,255,0.78) 100%\u00bb background_color_gradient_overlays_image=\u00bbon\u00bb background_image=\u00bbhttp:\/\/rgproject.org\/wp-content\/uploads\/2025\/01\/IMG-20221207-WA0055.jpg\u00bb background_position=\u00bbbottom_left\u00bb background_horizontal_offset=\u00bb-12%\u00bb background_vertical_offset=\u00bb33%\u00bb min_height=\u00bb800px\u00bb min_height_tablet=\u00bb800px\u00bb min_height_phone=\u00bb800px\u00bb min_height_last_edited=\u00bbon|phone\u00bb custom_padding=\u00bb134px||0px|||\u00bb bottom_divider_style=\u00bbcurve2&#8243; locked=\u00bboff\u00bb collapsed=\u00bbon\u00bb global_colors_info=\u00bb{}\u00bb][et_pb_row column_structure=\u00bb1_4,3_4&#8243; _builder_version=\u00bb4.17.4&#8243; _module_preset=\u00bbdefault\u00bb global_colors_info=\u00bb{}\u00bb][et_pb_column type=\u00bb1_4&#8243; _builder_version=\u00bb4.27.4&#8243; _module_preset=\u00bbdefault\u00bb global_colors_info=\u00bb{}\u00bb][et_pb_video src_webm=\u00bbhttp:\/\/rgproject.org\/wp-content\/uploads\/2025\/02\/STORIES-2-1.mp4&#8243; play_icon_color=\u00bb#8300E9&#8243; _builder_version=\u00bb4.27.4&#8243; _module_preset=\u00bbdefault\u00bb min_height=\u00bb296.9px\u00bb box_shadow_style=\u00bbpreset4&#8243; box_shadow_color=\u00bb#C88BDA\u00bb global_colors_info=\u00bb{}\u00bb][\/et_pb_video][\/et_pb_column][et_pb_column type=\u00bb3_4&#8243; _builder_version=\u00bb4.17.4&#8243; _module_preset=\u00bbdefault\u00bb global_colors_info=\u00bb{}\u00bb][et_pb_text _builder_version=\u00bb4.27.4&#8243; _module_preset=\u00bbe6504a1b-67eb-4b3d-b023-bcab277610b6&#8243; header_4_font=\u00bb|||on|||||\u00bb header_4_text_align=\u00bbcenter\u00bb header_4_text_color=\u00bb#ff5f5f\u00bb header_4_font_size=\u00bb1rem\u00bb header_4_letter_spacing=\u00bb0.15em\u00bb header_4_line_height=\u00bb1.5em\u00bb custom_margin=\u00bb||0px||false|false\u00bb global_colors_info=\u00bb{}\u00bb]<\/p>\n<h4 style=\"text-align: left;\"><span style=\"color: #cc99ff;\">About us<\/span><\/h4>\n<p>[\/et_pb_text][et_pb_text _builder_version=\u00bb4.27.4&#8243; _module_preset=\u00bbc16985e1-e0d6-4022-964d-e2bfc04fa633&#8243; header_text_align=\u00bbcenter\u00bb header_text_color=\u00bb#000000&#8243; header_font_size=\u00bb3rem\u00bb header_2_font=\u00bb||||||||\u00bb header_2_text_color=\u00bb#000000&#8243; header_2_font_size=\u00bb55px\u00bb header_2_line_height=\u00bb1.2em\u00bb header_font_size_tablet=\u00bb3rem\u00bb header_font_size_phone=\u00bb3rem\u00bb header_font_size_last_edited=\u00bbon|phone\u00bb header_2_font_size_tablet=\u00bb32px\u00bb header_2_font_size_phone=\u00bb20px\u00bb header_2_font_size_last_edited=\u00bbon|desktop\u00bb global_colors_info=\u00bb{}\u00bb]<\/p>\n<h1 style=\"text-align: left;\">WHO WE ARE<\/h1>\n<p>[\/et_pb_text][et_pb_button button_url=\u00bb#quienes-somos\u00bb button_text=\u00bbM\u00e1s informaci\u00f3n\u00bb button_alignment=\u00bbleft\u00bb _builder_version=\u00bb4.27.4&#8243; _module_preset=\u00bb31b4f027-aaa0-4f2f-ae02-959764e19e4f\u00bb custom_button=\u00bbon\u00bb button_text_size=\u00bb1rem\u00bb button_text_color=\u00bb#C88BDA\u00bb button_bg_color=\u00bb#ffffff\u00bb button_border_color=\u00bb#000000&#8243; button_border_radius=\u00bb0px\u00bb button_font=\u00bb|700||on|||||\u00bb custom_padding=\u00bb16px|37px|16px|24px|true|false\u00bb hover_enabled=\u00bb0&#8243; locked=\u00bboff\u00bb global_colors_info=\u00bb{}\u00bb sticky_enabled=\u00bb0&#8243;][\/et_pb_button][\/et_pb_column][\/et_pb_row][\/et_pb_section][et_pb_section fb_built=\u00bb1&#8243; admin_label=\u00bbSobre nosotros\u00bb _builder_version=\u00bb4.17.4&#8243; _module_preset=\u00bbdefault\u00bb min_height=\u00bb777.4px\u00bb collapsed=\u00bbon\u00bb global_colors_info=\u00bb{}\u00bb][et_pb_row column_structure=\u00bb1_2,1_2&#8243; _builder_version=\u00bb4.17.4&#8243; _module_preset=\u00bbdefault\u00bb custom_margin=\u00bb|auto|-21px|auto||\u00bb global_colors_info=\u00bb{}\u00bb][et_pb_column type=\u00bb1_2&#8243; _builder_version=\u00bb4.17.4&#8243; _module_preset=\u00bbdefault\u00bb global_colors_info=\u00bb{}\u00bb][et_pb_image src=\u00bbhttp:\/\/rgproject.org\/wp-content\/uploads\/2025\/01\/IMG_4311-scaled.jpg\u00bb title_text=\u00bbIMG_4311&#8243; align=\u00bbcenter\u00bb _builder_version=\u00bb4.27.4&#8243; _module_preset=\u00bbdefault\u00bb max_width_tablet=\u00bb400px\u00bb max_width_phone=\u00bb400px\u00bb max_width_last_edited=\u00bbon|tablet\u00bb height=\u00bb639px\u00bb max_height=\u00bb776px\u00bb custom_padding=\u00bb||0px|||\u00bb box_shadow_style=\u00bbpreset4&#8243; box_shadow_color=\u00bb#C88BDA\u00bb global_colors_info=\u00bb{}\u00bb][\/et_pb_image][\/et_pb_column][et_pb_column type=\u00bb1_2&#8243; _builder_version=\u00bb4.17.4&#8243; _module_preset=\u00bbdefault\u00bb global_colors_info=\u00bb{}\u00bb][et_pb_text _builder_version=\u00bb4.27.4&#8243; _module_preset=\u00bbe6504a1b-67eb-4b3d-b023-bcab277610b6&#8243; header_4_font=\u00bb|||on|||||\u00bb header_4_text_color=\u00bb#ff5f5f\u00bb header_4_font_size=\u00bb1rem\u00bb header_4_letter_spacing=\u00bb0.15em\u00bb header_4_line_height=\u00bb1.5em\u00bb custom_margin=\u00bb||0px||false|false\u00bb hover_enabled=\u00bb0&#8243; global_colors_info=\u00bb{}\u00bb module_id=\u00bbquienes-somos\u00bb sticky_enabled=\u00bb0&#8243;]<\/p>\n<h4><span style=\"color: #c09bd3;\">Who are we?<\/span><\/h4>\n<p>[\/et_pb_text][et_pb_text module_class=\u00bbpartial-underline-grey\u00bb _builder_version=\u00bb4.19.4\u2033 _module_preset=\u00bbb327cbe4-b1d5-4b66-ad37-40c8f2f061ba\u00bb header_2_font=\u00bb||||||||\u00bb Header_2_text_color = \u00bb#000000 \u2033 Header_2_font_size =\u00bb 3rem \u00bbHeader_2_line_height =\u00bb 1.2em \u00bbHeader_2_font_size_Table =\u00bb 3rem \u00bbHeader_2_font_size_Phone =\u00bb 3rem \u00bbHeader_2_font_size_size_last_last_edited =\u00bb ON | Phone \u00bbGlobal_Colors_info =\u00bb {} \u00bb]<\/p>\n<h2>ABOUT US<\/h2>\n<p>[\/et_pb_text][et_pb_text _builder_version=\u00bb4.27.4&#8243; _module_preset=\u00bb1f09816e-184e-4ce5-a4cf-b39c52c423ca\u00bb text_font=\u00bb|300|||||||\u00bb text_font_size=\u00bb1rem\u00bb text_line_height=\u00bb1.6em\u00bb position_origin_a=\u00bbbottom_left\u00bb vertical_offset=\u00bb-28px\u00bb width=\u00bb100%\u00bb text_font_size_tablet=\u00bb15px\u00bb text_font_size_phone=\u00bb14px\u00bb text_font_size_last_edited=\u00bbon|phone\u00bb global_colors_info=\u00bb{}\u00bb]<\/p>\n<p style=\"text-align: justify;\"><b>Red Girls Project<\/b><span style=\"font-weight: 400;\"> We are a non-profit association committed to empowering girls, young women, and women through education.<\/span><\/p>\n<p style=\"text-align: justify;\"><span style=\"font-weight: 400;\">We believe that knowledge is a powerful tool for transforming lives and building a more just future. We work to break taboos and stigmas, promoting respect, gender equality, and sustainability.<\/span><\/p>\n<p style=\"text-align: justify;\"><span style=\"font-weight: 400;\">Founded in Catalonia and made up of a diverse team of more than 30 people, our association operates in a <\/span><b>assembly member<\/b><span style=\"font-weight: 400;\">, making decisions as a team and encouraging the active participation of all members. We have collaborators from different parts of the world, including <\/span><b>Catalonia, Spain, Argentina, Denmark, Australia and the United States<\/b><span style=\"font-weight: 400;\">.<\/span><\/p>\n<p style=\"text-align: justify;\"><span style=\"font-size: 17px;\"> To learn more about our projects <\/span><span style=\"color: #c09bd3;\"><a href=\"\/en\/proyectos\/\" style=\"font-size: 17px; color: #c09bd3;\"><span data-token-index=\"1\" class=\"notion-enable-hover\" data-reactroot=\"\">click here<\/span><\/a><\/span><span style=\"font-size: 17px;\">!<\/span><\/p>\n<p>[\/et_pb_text][\/et_pb_column][\/et_pb_row][\/et_pb_section][et_pb_section fb_built=\u00bb1&#8243; admin_label=\u00bbPorque Nosotros\u00bb _builder_version=\u00bb4.17.4&#8243; _module_preset=\u00bbdefault\u00bb custom_padding=\u00bb0px||0px|||\u00bb locked=\u00bboff\u00bb collapsed=\u00bbon\u00bb global_colors_info=\u00bb{}\u00bb][et_pb_row _builder_version=\u00bb4.19.4&#8243; _module_preset=\u00bbdefault\u00bb global_colors_info=\u00bb{}\u00bb][et_pb_column type=\u00bb4_4&#8243; _builder_version=\u00bb4.19.4&#8243; _module_preset=\u00bbdefault\u00bb global_colors_info=\u00bb{}\u00bb][et_pb_text _builder_version=\u00bb4.19.4&#8243; _module_preset=\u00bbe6504a1b-67eb-4b3d-b023-bcab277610b6&#8243; header_4_font=\u00bb|||on|||||\u00bb header_4_text_color=\u00bb#ff5f5f\u00bb header_4_font_size=\u00bb14px\u00bb header_4_letter_spacing=\u00bb0.15em\u00bb header_4_line_height=\u00bb1.5em\u00bb custom_margin=\u00bb||0px||false|false\u00bb global_colors_info=\u00bb{}\u00bb]<\/p>\n<h4><span style=\"color: #c09bd3;\">CHOICE<\/span><\/h4>\n<p>[\/et_pb_text][et_pb_text module_class=\u00bbpartial-underline-grey\u00bb _builder_version=\u00bb4.19.4\u2033 _module_preset=\u00bbb327cbe4-b1d5-4b66-ad37-40c8f2f061ba\u00bb header_font_size=\u00bb3rem\u00bb header_2_font=\u00bb||||||| |\u00bb header_2_text_color=\u00bb#000000\u2033 header_2_font_size=\u00bb3rem\u00bb header_2_line_height=\u00bb1.2em\u00bb header_2_font_size_tablet=\u00bb3rem\u00bb header_2_font_size_phone=\u00bb3rem\u00bb header_2_font_size_last_edited=\u00bbon|tablet\u00bb global_colors_info=\u00bb{}\u00bb ]<\/p>\n<h2>WHY US?<\/h2>\n<p>[\/et_pb_text][\/et_pb_column][\/et_pb_row][et_pb_row column_structure=\u00bb1_2,1_2&#8243; _builder_version=\u00bb4.27.4&#8243; _module_preset=\u00bbdefault\u00bb global_colors_info=\u00bb{}\u00bb][et_pb_column type=\u00bb1_2&#8243; _builder_version=\u00bb4.27.4&#8243; _module_preset=\u00bbdefault\u00bb global_colors_info=\u00bb{}\u00bb][et_pb_image src=\u00bbhttp:\/\/rgproject.org\/wp-content\/uploads\/2025\/01\/porque-nosotros.-experiencia.png\u00bb title_text=\u00bbporque nosotros. experiencia\u00bb _builder_version=\u00bb4.27.4&#8243; _module_preset=\u00bbdefault\u00bb width=\u00bb50%\u00bb module_alignment=\u00bbcenter\u00bb global_colors_info=\u00bb{}\u00bb][\/et_pb_image][et_pb_image src=\u00bbhttp:\/\/rgproject.org\/wp-content\/uploads\/2025\/01\/porque-nosotros.-enfoque-integral.png\u00bb title_text=\u00bbporque nosotros. enfoque integral\u00bb _builder_version=\u00bb4.27.4&#8243; _module_preset=\u00bbdefault\u00bb width=\u00bb50%\u00bb module_alignment=\u00bbcenter\u00bb global_colors_info=\u00bb{}\u00bb][\/et_pb_image][et_pb_image src=\u00bbhttp:\/\/rgproject.org\/wp-content\/uploads\/2025\/01\/porque-nosotros.-diversidad-y-colaboracion.png\u00bb title_text=\u00bbporque nosotros. diversidad y colaboracion\u00bb _builder_version=\u00bb4.27.4&#8243; _module_preset=\u00bbdefault\u00bb width=\u00bb50%\u00bb module_alignment=\u00bbcenter\u00bb global_colors_info=\u00bb{}\u00bb][\/et_pb_image][et_pb_image src=\u00bbhttp:\/\/rgproject.org\/wp-content\/uploads\/2025\/01\/porque-nosotros.-impacto-real.png\u00bb title_text=\u00bbporque nosotros. impacto real\u00bb _builder_version=\u00bb4.27.4&#8243; _module_preset=\u00bbdefault\u00bb width=\u00bb50%\u00bb module_alignment=\u00bbcenter\u00bb global_colors_info=\u00bb{}\u00bb][\/et_pb_image][et_pb_image src=\u00bbhttp:\/\/rgproject.org\/wp-content\/uploads\/2025\/01\/porque-nosotros.-espacios-seguros.png\u00bb title_text=\u00bbporque nosotros. espacios seguros\u00bb _builder_version=\u00bb4.27.4&#8243; _module_preset=\u00bbdefault\u00bb width=\u00bb50%\u00bb module_alignment=\u00bbcenter\u00bb global_colors_info=\u00bb{}\u00bb][\/et_pb_image][\/et_pb_column][et_pb_column type=\u00bb1_2&#8243; _builder_version=\u00bb4.27.4&#8243; _module_preset=\u00bbdefault\u00bb global_colors_info=\u00bb{}\u00bb][et_pb_text _builder_version=\u00bb4.19.4&#8243; _module_preset=\u00bb1f09816e-184e-4ce5-a4cf-b39c52c423ca\u00bb text_font=\u00bb|300|||||||\u00bb text_font_size=\u00bb1rem\u00bb text_line_height=\u00bb1.6em\u00bb position_origin_a=\u00bbbottom_left\u00bb vertical_offset=\u00bb-28px\u00bb width=\u00bb100%\u00bb text_font_size_tablet=\u00bb15px\u00bb text_font_size_phone=\u00bb14px\u00bb text_font_size_last_edited=\u00bbon|phone\u00bb header_font_size_tablet=\u00bb55px\u00bb header_font_size_last_edited=\u00bboff|desktop\u00bb global_colors_info=\u00bb{}\u00bb]<\/p>\n<h3><b><\/b><\/h3>\n<h3><b><\/b><\/h3>\n<h3><b><\/b><\/h3>\n<h3><b><\/b><\/h3>\n<h3><b><\/b><\/h3>\n<h3><b><\/b><\/h3>\n<h3><b><\/b><\/h3>\n<h3><b>Experience and commitment<\/b><\/h3>\n<p style=\"text-align: justify;\"><span style=\"font-weight: 400;\">For years, we have been dedicated to projects that positively impact the most vulnerable communities. Our multidisciplinary team combines professional experience and a passion for social change.<\/span><\/p>\n<p>[\/et_pb_text][et_pb_text _builder_version=\u00bb4.19.4\u2033 _module_preset=\u00bb1f09816e-184e-4ce5-a4cf-b39c52c423ca\u00bb text_font=\u00bb|300|||||||\u00bb text_font_size=\u00bb1rem\u00bb text_line_height=\u00bb1.6em\u00bb position_origin_a=\u00bbbottom_left\u00bb vertical_offset=\u00bb-28px\u00bb width=\u00bb100%\u00bb text_font_size_tablet=\u00bb15px\u00bb text_font_size_phone=\u00bb14px\u00bb text_font_size_last_edited=\u00bbon|phone\u00bb header_font_size_tablet=\u00bb55px \u00bb header_font_size_last_edited =\u00bboff|desktop\u00bb global_colors_info=\u00bb{}\u00bb]<\/p>\n<h3><b><\/b><\/h3>\n<h3><b><\/b><\/h3>\n<h3><b><\/b><\/h3>\n<h3><b><\/b><\/h3>\n<h3><b><\/b><\/h3>\n<h3><b><\/b><\/h3>\n<h3><b><\/b><\/h3>\n<h3><b><\/b><\/h3>\n<h3><b><\/b><\/h3>\n<h3><b><\/b><\/h3>\n<h3><b><\/b><\/h3>\n<h3><b>Comprehensive approach<\/b><\/h3>\n<p style=\"text-align: justify;\"><span style=\"font-weight: 400;\">We not only provide training, but we also offer practical and sustainable tools to improve the daily lives of those who participate in our programs.<\/span><\/p>\n<p>[\/et_pb_text][et_pb_text _builder_version=\u00bb4.19.4\u2033 _module_preset=\u00bb1f09816e-184e-4ce5-a4cf-b39c52c423ca\u00bb text_font=\u00bb|300|||||||\u00bb text_font_size=\u00bb1rem\u00bb text_line_height=\u00bb1.6em\u00bb position_origin_a=\u00bbbottom_left\u00bb vertical_offset=\u00bb-28px\u00bb width=\u00bb100%\u00bb text_font_size_tablet=\u00bb15px\u00bb text_font_size_phone=\u00bb14px\u00bb text_font_size_last_edited=\u00bbon|phone\u00bb header_font_size_tablet=\u00bb55px \u00bb header_font_size_last_edited =\u00bboff|desktop\u00bb global_colors_info=\u00bb{}\u00bb]<\/p>\n<h3><b><\/b><\/h3>\n<h3><b><\/b><\/h3>\n<h3><b><\/b><\/h3>\n<h3><b><\/b><\/h3>\n<h3><b><\/b><\/h3>\n<h3><b><\/b><\/h3>\n<h3><b><\/b><\/h3>\n<h3><b><\/b><\/h3>\n<h3><b><\/b><\/h3>\n<h3><b><\/b><\/h3>\n<h3><b><\/b><\/h3>\n<h3><b><\/b><\/h3>\n<h3><b><\/b><\/h3>\n<h3><b><\/b><\/h3>\n<h3><b><\/b><\/h3>\n<h3><b><\/b><\/h3>\n<h3><b>Diversity and collaboration<\/b><\/h3>\n<p style=\"text-align: justify;\"><span style=\"font-weight: 400;\">We work with people from all over the world, fostering an inclusive network of support and mutual learning.<\/span><\/p>\n<p>[\/et_pb_text][et_pb_text _builder_version=\u00bb4.27.4&#8243; _module_preset=\u00bb1f09816e-184e-4ce5-a4cf-b39c52c423ca\u00bb text_font=\u00bb|300|||||||\u00bb text_font_size=\u00bb1rem\u00bb text_line_height=\u00bb1.6em\u00bb position_origin_a=\u00bbbottom_left\u00bb vertical_offset=\u00bb-28px\u00bb width=\u00bb100%\u00bb text_font_size_tablet=\u00bb15px\u00bb text_font_size_phone=\u00bb14px\u00bb text_font_size_last_edited=\u00bbon|phone\u00bb header_font_size_tablet=\u00bb55px\u00bb header_font_size_last_edited=\u00bboff|desktop\u00bb global_colors_info=\u00bb{}\u00bb]<\/p>\n<h3><b><\/b><\/h3>\n<h3><b><\/b><\/h3>\n<h3><b><\/b><\/h3>\n<h3><b><\/b><\/h3>\n<h3><b><\/b><\/h3>\n<h3><b><\/b><\/h3>\n<h3><b><\/b><\/h3>\n<h3><b><\/b><\/h3>\n<h3><b><\/b><\/h3>\n<h3><b><\/b><\/h3>\n<h3><b><\/b><\/h3>\n<h3><b><\/b><\/h3>\n<h3><b><\/b><\/h3>\n<h3><b><\/b><\/h3>\n<h3><b><\/b><\/h3>\n<h3><b><\/b><\/h3>\n<h3><b><\/b><\/h3>\n<h3><b>Real impact<\/b><\/h3>\n<p style=\"text-align: justify;\"><span style=\"font-weight: 400;\">Our programs are designed to generate tangible changes, from improving health and self-esteem to fostering economic independence and breaking down social barriers.<\/span><\/p>\n<p>[\/et_pb_text][et_pb_text _builder_version=\u00bb4.19.4\u2033 _module_preset=\u00bb1f09816e-184e-4ce5-a4cf-b39c52c423ca\u00bb text_font=\u00bb|300|||||||\u00bb text_font_size=\u00bb1rem\u00bb text_line_height=\u00bb1.6em\u00bb position_origin_a=\u00bbbottom_left\u00bb vertical_offset=\u00bb-28px\u00bb width=\u00bb100%\u00bb text_font_size_tablet=\u00bb15px\u00bb text_font_size_phone=\u00bb14px\u00bb text_font_size_last_edited=\u00bbon|phone\u00bb header_font_size_tablet=\u00bb55px \u00bb header_font_size_last_edited =\u00bboff|desktop\u00bb global_colors_info=\u00bb{}\u00bb]<\/p>\n<h3><b><\/b><\/h3>\n<h3><b><\/b><\/h3>\n<h3><b><\/b><\/h3>\n<h3><b><\/b><\/h3>\n<h3><b><\/b><\/h3>\n<h3><b><\/b><\/h3>\n<h3><b><\/b><\/h3>\n<h3><b><\/b><\/h3>\n<h3><b><\/b><\/h3>\n<h3><b><\/b><\/h3>\n<h3><b><\/b><\/h3>\n<h3><b><\/b><\/h3>\n<h3><b><\/b><\/h3>\n<h3><b>Safe spaces<\/b><\/h3>\n<p style=\"text-align: justify;\"><span style=\"font-weight: 400;\">We believe that trust and respect are the foundation for transforming lives. We create environments where people can express themselves, learn, and grow without fear.<\/span><\/p>\n<p>[\/et_pb_text][\/et_pb_column][\/et_pb_row][et_pb_row _builder_version=\u00bb4.27.4&#8243; _module_preset=\u00bbdefault\u00bb global_colors_info=\u00bb{}\u00bb][et_pb_column type=\u00bb4_4&#8243; _builder_version=\u00bb4.27.4&#8243; _module_preset=\u00bbdefault\u00bb global_colors_info=\u00bb{}\u00bb][et_pb_text _builder_version=\u00bb4.27.4&#8243; _module_preset=\u00bbdefault\u00bb global_colors_info=\u00bb{}\u00bb]<\/p>\n<h4 style=\"text-align: justify;\"><b>If you&#039;re looking to be part of a transformative project that fosters social change through education and empowerment, the Red Girls Project is the place for you. <\/b><\/h4>\n<h4 style=\"text-align: justify;\"><b>We are waiting for you!<\/b><\/h4>\n<p><b><\/b><\/p>\n<p><b><\/b><\/p>\n<p><b><\/b><\/p>\n<p>[\/et_pb_text][\/et_pb_column][\/et_pb_row][\/et_pb_section]<\/p>","protected":false},"excerpt":{"rendered":"<p>sobre nosotrosQUI\u00c9NES SOMOS\u00bfqui\u00c9NES SOMOS?SOBRE NOSOTROSRed Girls Project somos una asociaci\u00f3n sin \u00e1nimo de lucro comprometida con el empoderamiento de ni\u00f1as, j\u00f3venes y mujeres a trav\u00e9s de la educaci\u00f3n. Creemos que el conocimiento es una herramienta poderosa para transformar vidas y construir un futuro m\u00e1s justo. Trabajamos para romper tab\u00faes y estigmas, promoviendo el respeto, la [&hellip;]<\/p>","protected":false},"author":1,"featured_media":0,"parent":0,"menu_order":0,"comment_status":"closed","ping_status":"closed","template":"","meta":{"_et_pb_use_builder":"on","_et_pb_old_content":"","_et_gb_content_width":"","footnotes":""},"class_list":["post-560","page","type-page","status-publish","hentry"],"_links":{"self":[{"href":"https:\/\/rgproject.org\/en\/wp-json\/wp\/v2\/pages\/560","targetHints":{"allow":["GET"]}}],"collection":[{"href":"https:\/\/rgproject.org\/en\/wp-json\/wp\/v2\/pages"}],"about":[{"href":"https:\/\/rgproject.org\/en\/wp-json\/wp\/v2\/types\/page"}],"author":[{"embeddable":true,"href":"https:\/\/rgproject.org\/en\/wp-json\/wp\/v2\/users\/1"}],"replies":[{"embeddable":true,"href":"https:\/\/rgproject.org\/en\/wp-json\/wp\/v2\/comments?post=560"}],"version-history":[{"count":20,"href":"https:\/\/rgproject.org\/en\/wp-json\/wp\/v2\/pages\/560\/revisions"}],"predecessor-version":[{"id":2558,"href":"https:\/\/rgproject.org\/en\/wp-json\/wp\/v2\/pages\/560\/revisions\/2558"}],"wp:attachment":[{"href":"https:\/\/rgproject.org\/en\/wp-json\/wp\/v2\/media?parent=560"}],"curies":[{"name":"wp","href":"https:\/\/api.w.org\/{rel}","templated":true}]}}